{"id":12,"date":"2024-01-18T11:36:06","date_gmt":"2024-01-18T11:36:06","guid":{"rendered":"https:\/\/yacuam.estaciondiseno.es\/?page_id=12"},"modified":"2024-04-10T21:46:20","modified_gmt":"2024-04-10T21:46:20","slug":"inicio","status":"publish","type":"page","link":"https:\/\/yacuam.estaciondiseno.es\/","title":{"rendered":"inicio"},"content":{"rendered":"\t\t<div data-elementor-type=\"wp-page\" data-elementor-id=\"12\" class=\"elementor elementor-12\">\n\t\t\t\t\t\t\t<div class=\"elementor-element elementor-element-26ca599 e-flex e-con-boxed e-con e-parent\" data-id=\"26ca599\" data-element_type=\"container\" data-settings=\"{&quot;content_width&quot;:&quot;boxed&quot;}\" data-core-v316-plus=\"true\">\n\t\t\t\t\t<div class=\"e-con-inner\">\n\t\t\t\t<div class=\"elementor-element elementor-element-97fe327 elementor-widget elementor-widget-image\" data-id=\"97fe327\" data-element_type=\"widget\" data-widget_type=\"image.default\">\n\t\t\t\t<div class=\"elementor-widget-container\">\n\t\t\t<style>\/*! elementor - v3.18.0 - 20-12-2023 *\/\n.elementor-widget-image{text-align:center}.elementor-widget-image a{display:inline-block}.elementor-widget-image a img[src$=\".svg\"]{width:48px}.elementor-widget-image img{vertical-align:middle;display:inline-block}<\/style>\t\t\t\t\t\t\t\t\t\t\t\t<img fetchpriority=\"high\" decoding=\"async\" width=\"300\" height=\"300\" src=\"https:\/\/yacuam.estaciondiseno.es\/wp-content\/uploads\/2024\/04\/134-sin-titulo_20240325020050-300x300.png\" class=\"attachment-medium size-medium wp-image-105\" alt=\"\" srcset=\"https:\/\/yacuam.estaciondiseno.es\/wp-content\/uploads\/2024\/04\/134-sin-titulo_20240325020050-300x300.png 300w, https:\/\/yacuam.estaciondiseno.es\/wp-content\/uploads\/2024\/04\/134-sin-titulo_20240325020050-1024x1024.png 1024w, https:\/\/yacuam.estaciondiseno.es\/wp-content\/uploads\/2024\/04\/134-sin-titulo_20240325020050-150x150.png 150w, https:\/\/yacuam.estaciondiseno.es\/wp-content\/uploads\/2024\/04\/134-sin-titulo_20240325020050-768x768.png 768w, https:\/\/yacuam.estaciondiseno.es\/wp-content\/uploads\/2024\/04\/134-sin-titulo_20240325020050-600x600.png 600w, https:\/\/yacuam.estaciondiseno.es\/wp-content\/uploads\/2024\/04\/134-sin-titulo_20240325020050.png 1280w\" sizes=\"(max-width: 300px) 100vw, 300px\" \/>\t\t\t\t\t\t\t\t\t\t\t\t\t\t\t<\/div>\n\t\t\t\t<\/div>\n\t\t\t\t\t<\/div>\n\t\t\t\t<\/div>\n\t\t<div class=\"elementor-element elementor-element-154f7eb e-flex e-con-boxed e-con e-parent\" data-id=\"154f7eb\" data-element_type=\"container\" data-settings=\"{&quot;content_width&quot;:&quot;boxed&quot;}\" data-core-v316-plus=\"true\">\n\t\t\t\t\t<div class=\"e-con-inner\">\n\t\t<div class=\"elementor-element elementor-element-ab1d3b6 e-flex e-con-boxed e-con e-child\" data-id=\"ab1d3b6\" data-element_type=\"container\" data-settings=\"{&quot;content_width&quot;:&quot;boxed&quot;}\">\n\t\t\t\t\t<div class=\"e-con-inner\">\n\t\t\t\t<div class=\"elementor-element elementor-element-88ee0e6 elementor--h-position-center elementor--v-position-middle elementor-arrows-position-inside elementor-pagination-position-inside elementor-widget elementor-widget-slides\" data-id=\"88ee0e6\" data-element_type=\"widget\" data-settings=\"{&quot;navigation&quot;:&quot;both&quot;,&quot;autoplay&quot;:&quot;yes&quot;,&quot;pause_on_hover&quot;:&quot;yes&quot;,&quot;pause_on_interaction&quot;:&quot;yes&quot;,&quot;autoplay_speed&quot;:5000,&quot;infinite&quot;:&quot;yes&quot;,&quot;transition&quot;:&quot;slide&quot;,&quot;transition_speed&quot;:500}\" data-widget_type=\"slides.default\">\n\t\t\t\t<div class=\"elementor-widget-container\">\n\t\t\t<style>\/*! elementor-pro - v3.6.0 - 31-01-2022 *\/\n.elementor-slides .swiper-slide-bg{background-size:cover;background-position:50%;background-repeat:no-repeat;min-width:100%;min-height:100%}.elementor-slides .swiper-slide-inner{background-repeat:no-repeat;background-position:50%;position:absolute;top:0;left:0;bottom:0;right:0;padding:50px;margin:auto}.elementor-slides .swiper-slide-inner,.elementor-slides .swiper-slide-inner:hover{color:#fff;display:-webkit-box;display:-ms-flexbox;display:flex}.elementor-slides .swiper-slide-inner .elementor-background-overlay{position:absolute;z-index:0;top:0;bottom:0;left:0;right:0}.elementor-slides .swiper-slide-inner .elementor-slide-content{position:relative;z-index:1;width:100%}.elementor-slides .swiper-slide-inner .elementor-slide-heading{font-size:35px;font-weight:700;line-height:1}.elementor-slides .swiper-slide-inner .elementor-slide-description{font-size:17px;line-height:1.4}.elementor-slides .swiper-slide-inner .elementor-slide-description:not(:last-child),.elementor-slides .swiper-slide-inner .elementor-slide-heading:not(:last-child){margin-bottom:30px}.elementor-slides .swiper-slide-inner .elementor-slide-button{border:2px solid #fff;color:#fff;background:transparent;display:inline-block}.elementor-slides .swiper-slide-inner .elementor-slide-button,.elementor-slides .swiper-slide-inner .elementor-slide-button:hover{background:transparent;color:inherit;text-decoration:none}.elementor--v-position-top .swiper-slide-inner{-webkit-box-align:start;-ms-flex-align:start;align-items:flex-start}.elementor--v-position-bottom .swiper-slide-inner{-webkit-box-align:end;-ms-flex-align:end;align-items:flex-end}.elementor--v-position-middle .swiper-slide-inner{-webkit-box-align:center;-ms-flex-align:center;align-items:center}.elementor--h-position-left .swiper-slide-inner{-webkit-box-pack:start;-ms-flex-pack:start;justify-content:flex-start}.elementor--h-position-right .swiper-slide-inner{-webkit-box-pack:end;-ms-flex-pack:end;justify-content:flex-end}.elementor--h-position-center .swiper-slide-inner{-webkit-box-pack:center;-ms-flex-pack:center;justify-content:center}body.rtl .elementor-widget-slides .elementor-swiper-button-next{left:10px;right:auto}body.rtl .elementor-widget-slides .elementor-swiper-button-prev{right:10px;left:auto}.elementor-slides-wrapper div:not(.swiper-slide)>.swiper-slide-inner{display:none}@media (max-width:767px){.elementor-slides .swiper-slide-inner{padding:30px}.elementor-slides .swiper-slide-inner .elementor-slide-heading{font-size:23px;line-height:1;margin-bottom:15px}.elementor-slides .swiper-slide-inner .elementor-slide-description{font-size:13px;line-height:1.4;margin-bottom:15px}}<\/style>\t\t<div class=\"elementor-swiper\">\n\t\t\t<div class=\"elementor-slides-wrapper elementor-main-swiper swiper-container\" dir=\"ltr\" data-animation=\"fadeInUp\">\n\t\t\t\t<div class=\"swiper-wrapper elementor-slides\">\n\t\t\t\t\t\t\t\t\t\t<div class=\"elementor-repeater-item-c663be9 swiper-slide\"><div class=\"swiper-slide-bg\"><\/div><div class=\"elementor-background-overlay\"><\/div><a class=\"swiper-slide-inner\" href=\"https:\/\/yacuam.estaciondiseno.es\/index.php\/privacy-policy\/\"><div class=\"swiper-slide-contents\"><div class=\"elementor-slide-heading\">Ilustraciones<\/div><div  class=\"elementor-button elementor-slide-button elementor-size-sm\">Click Here<\/div><\/div><\/a><\/div><div class=\"elementor-repeater-item-ef97334 swiper-slide\"><div class=\"swiper-slide-bg\"><\/div><div class=\"elementor-background-overlay\"><\/div><a class=\"swiper-slide-inner\" href=\"https:\/\/yacuam.estaciondiseno.es\/index.php\/personajes\/\"><div class=\"swiper-slide-contents\"><div class=\"elementor-slide-heading\">Personajes<\/div><div  class=\"elementor-button elementor-slide-button elementor-size-sm\">Click Here<\/div><\/div><\/a><\/div><div class=\"elementor-repeater-item-df3f37e swiper-slide\"><div class=\"swiper-slide-bg\"><\/div><div class=\"elementor-background-overlay\"><\/div><div class=\"swiper-slide-inner\" ><div class=\"swiper-slide-contents\"><div class=\"elementor-slide-heading\">Animaciones<\/div><div  class=\"elementor-button elementor-slide-button elementor-size-sm\">Click Here<\/div><\/div><\/div><\/div>\t\t\t\t<\/div>\n\t\t\t\t\t\t\t\t\t\t\t\t\t\t\t<div class=\"swiper-pagination\"><\/div>\n\t\t\t\t\t\t\t\t\t\t\t\t\t\t\t\t<div class=\"elementor-swiper-button elementor-swiper-button-prev\">\n\t\t\t\t\t\t\t<svg aria-hidden=\"true\" class=\"e-font-icon-svg e-eicon-chevron-left\" viewBox=\"0 0 1000 1000\" xmlns=\"http:\/\/www.w3.org\/2000\/svg\"><path d=\"M646 125C629 125 613 133 604 142L308 442C296 454 292 471 292 487 292 504 296 521 308 533L604 854C617 867 629 875 646 875 663 875 679 871 692 858 704 846 713 829 713 812 713 796 708 779 692 767L438 487 692 225C700 217 708 204 708 187 708 171 704 154 692 142 675 129 663 125 646 125Z\"><\/path><\/svg>\t\t\t\t\t\t\t<span class=\"elementor-screen-only\">Previous<\/span>\n\t\t\t\t\t\t<\/div>\n\t\t\t\t\t\t<div class=\"elementor-swiper-button elementor-swiper-button-next\">\n\t\t\t\t\t\t\t<svg aria-hidden=\"true\" class=\"e-font-icon-svg e-eicon-chevron-right\" viewBox=\"0 0 1000 1000\" xmlns=\"http:\/\/www.w3.org\/2000\/svg\"><path d=\"M696 533C708 521 713 504 713 487 713 471 708 454 696 446L400 146C388 133 375 125 354 125 338 125 325 129 313 142 300 154 292 171 292 187 292 204 296 221 308 233L563 492 304 771C292 783 288 800 288 817 288 833 296 850 308 863 321 871 338 875 354 875 371 875 388 867 400 854L696 533Z\"><\/path><\/svg>\t\t\t\t\t\t\t<span class=\"elementor-screen-only\">Next<\/span>\n\t\t\t\t\t\t<\/div>\n\t\t\t\t\t\t\t\t\t\t\t\t<\/div>\n\t\t<\/div>\n\t\t\t\t<\/div>\n\t\t\t\t<\/div>\n\t\t\t\t<div class=\"elementor-element elementor-element-078f8ad elementor-widget-divider--view-line elementor-widget elementor-widget-divider\" data-id=\"078f8ad\" data-element_type=\"widget\" data-widget_type=\"divider.default\">\n\t\t\t\t<div class=\"elementor-widget-container\">\n\t\t\t<style>\/*! elementor - v3.18.0 - 20-12-2023 *\/\n.elementor-widget-divider{--divider-border-style:none;--divider-border-width:1px;--divider-color:#0c0d0e;--divider-icon-size:20px;--divider-element-spacing:10px;--divider-pattern-height:24px;--divider-pattern-size:20px;--divider-pattern-url:none;--divider-pattern-repeat:repeat-x}.elementor-widget-divider .elementor-divider{display:flex}.elementor-widget-divider .elementor-divider__text{font-size:15px;line-height:1;max-width:95%}.elementor-widget-divider .elementor-divider__element{margin:0 var(--divider-element-spacing);flex-shrink:0}.elementor-widget-divider .elementor-icon{font-size:var(--divider-icon-size)}.elementor-widget-divider .elementor-divider-separator{display:flex;margin:0;direction:ltr}.elementor-widget-divider--view-line_icon .elementor-divider-separator,.elementor-widget-divider--view-line_text .elementor-divider-separator{align-items:center}.elementor-widget-divider--view-line_icon .elementor-divider-separator:after,.elementor-widget-divider--view-line_icon .elementor-divider-separator:before,.elementor-widget-divider--view-line_text .elementor-divider-separator:after,.elementor-widget-divider--view-line_text .elementor-divider-separator:before{display:block;content:\"\";border-bottom:0;flex-grow:1;border-top:var(--divider-border-width) var(--divider-border-style) var(--divider-color)}.elementor-widget-divider--element-align-left .elementor-divider .elementor-divider-separator>.elementor-divider__svg:first-of-type{flex-grow:0;flex-shrink:100}.elementor-widget-divider--element-align-left .elementor-divider-separator:before{content:none}.elementor-widget-divider--element-align-left .elementor-divider__element{margin-left:0}.elementor-widget-divider--element-align-right .elementor-divider .elementor-divider-separator>.elementor-divider__svg:last-of-type{flex-grow:0;flex-shrink:100}.elementor-widget-divider--element-align-right .elementor-divider-separator:after{content:none}.elementor-widget-divider--element-align-right .elementor-divider__element{margin-right:0}.elementor-widget-divider:not(.elementor-widget-divider--view-line_text):not(.elementor-widget-divider--view-line_icon) .elementor-divider-separator{border-top:var(--divider-border-width) var(--divider-border-style) var(--divider-color)}.elementor-widget-divider--separator-type-pattern{--divider-border-style:none}.elementor-widget-divider--separator-type-pattern.elementor-widget-divider--view-line .elementor-divider-separator,.elementor-widget-divider--separator-type-pattern:not(.elementor-widget-divider--view-line) .elementor-divider-separator:after,.elementor-widget-divider--separator-type-pattern:not(.elementor-widget-divider--view-line) .elementor-divider-separator:before,.elementor-widget-divider--separator-type-pattern:not([class*=elementor-widget-divider--view]) .elementor-divider-separator{width:100%;min-height:var(--divider-pattern-height);-webkit-mask-size:var(--divider-pattern-size) 100%;mask-size:var(--divider-pattern-size) 100%;-webkit-mask-repeat:var(--divider-pattern-repeat);mask-repeat:var(--divider-pattern-repeat);background-color:var(--divider-color);-webkit-mask-image:var(--divider-pattern-url);mask-image:var(--divider-pattern-url)}.elementor-widget-divider--no-spacing{--divider-pattern-size:auto}.elementor-widget-divider--bg-round{--divider-pattern-repeat:round}.rtl .elementor-widget-divider .elementor-divider__text{direction:rtl}.e-con-inner>.elementor-widget-divider,.e-con>.elementor-widget-divider{width:var(--container-widget-width,100%);--flex-grow:var(--container-widget-flex-grow)}<\/style>\t\t<div class=\"elementor-divider\">\n\t\t\t<span class=\"elementor-divider-separator\">\n\t\t\t\t\t\t<\/span>\n\t\t<\/div>\n\t\t\t\t<\/div>\n\t\t\t\t<\/div>\n\t\t\t\t\t<\/div>\n\t\t\t\t<\/div>\n\t\t\t\t\t<\/div>\n\t\t\t\t<\/div>\n\t\t<div class=\"elementor-element elementor-element-2f3192e e-flex e-con-boxed e-con e-parent\" data-id=\"2f3192e\" data-element_type=\"container\" data-settings=\"{&quot;content_width&quot;:&quot;boxed&quot;}\" data-core-v316-plus=\"true\">\n\t\t\t\t\t<div class=\"e-con-inner\">\n\t\t<div class=\"elementor-element elementor-element-cfe4224 e-con-full e-flex e-con e-child\" data-id=\"cfe4224\" data-element_type=\"container\" data-settings=\"{&quot;content_width&quot;:&quot;full&quot;}\">\n\t\t\t\t<div class=\"elementor-element elementor-element-fe5a8bb elementor-widget elementor-widget-image\" data-id=\"fe5a8bb\" data-element_type=\"widget\" data-widget_type=\"image.default\">\n\t\t\t\t<div class=\"elementor-widget-container\">\n\t\t\t\t\t\t\t\t\t\t\t\t\t\t\t<img decoding=\"async\" width=\"768\" height=\"768\" src=\"https:\/\/yacuam.estaciondiseno.es\/wp-content\/uploads\/2024\/04\/425-sin-titulo_20230124185708-768x768.png\" class=\"attachment-medium_large size-medium_large wp-image-106\" alt=\"\" srcset=\"https:\/\/yacuam.estaciondiseno.es\/wp-content\/uploads\/2024\/04\/425-sin-titulo_20230124185708-768x768.png 768w, https:\/\/yacuam.estaciondiseno.es\/wp-content\/uploads\/2024\/04\/425-sin-titulo_20230124185708-300x300.png 300w, https:\/\/yacuam.estaciondiseno.es\/wp-content\/uploads\/2024\/04\/425-sin-titulo_20230124185708-1024x1024.png 1024w, https:\/\/yacuam.estaciondiseno.es\/wp-content\/uploads\/2024\/04\/425-sin-titulo_20230124185708-150x150.png 150w, https:\/\/yacuam.estaciondiseno.es\/wp-content\/uploads\/2024\/04\/425-sin-titulo_20230124185708-600x600.png 600w, https:\/\/yacuam.estaciondiseno.es\/wp-content\/uploads\/2024\/04\/425-sin-titulo_20230124185708.png 1280w\" sizes=\"(max-width: 768px) 100vw, 768px\" \/>\t\t\t\t\t\t\t\t\t\t\t\t\t\t\t<\/div>\n\t\t\t\t<\/div>\n\t\t\t\t<\/div>\n\t\t<div class=\"elementor-element elementor-element-035c2dc e-con-full e-flex e-con e-child\" data-id=\"035c2dc\" data-element_type=\"container\" data-settings=\"{&quot;content_width&quot;:&quot;full&quot;}\">\n\t\t\t\t<div class=\"elementor-element elementor-element-156b74f elementor-widget elementor-widget-heading\" data-id=\"156b74f\" data-element_type=\"widget\" data-widget_type=\"heading.default\">\n\t\t\t\t<div class=\"elementor-widget-container\">\n\t\t\t<style>\/*! elementor - v3.18.0 - 20-12-2023 *\/\n.elementor-heading-title{padding:0;margin:0;line-height:1}.elementor-widget-heading .elementor-heading-title[class*=elementor-size-]>a{color:inherit;font-size:inherit;line-height:inherit}.elementor-widget-heading .elementor-heading-title.elementor-size-small{font-size:15px}.elementor-widget-heading .elementor-heading-title.elementor-size-medium{font-size:19px}.elementor-widget-heading .elementor-heading-title.elementor-size-large{font-size:29px}.elementor-widget-heading .elementor-heading-title.elementor-size-xl{font-size:39px}.elementor-widget-heading .elementor-heading-title.elementor-size-xxl{font-size:59px}<\/style><h2 class=\"elementor-heading-title elementor-size-xxl\">Yacuam<\/h2>\t\t<\/div>\n\t\t\t\t<\/div>\n\t\t\t\t<div class=\"elementor-element elementor-element-c243142 elementor-widget elementor-widget-text-editor\" data-id=\"c243142\" data-element_type=\"widget\" data-widget_type=\"text-editor.default\">\n\t\t\t\t<div class=\"elementor-widget-container\">\n\t\t\t<style>\/*! elementor - v3.18.0 - 20-12-2023 *\/\n.elementor-widget-text-editor.elementor-drop-cap-view-stacked .elementor-drop-cap{background-color:#69727d;color:#fff}.elementor-widget-text-editor.elementor-drop-cap-view-framed .elementor-drop-cap{color:#69727d;border:3px solid;background-color:transparent}.elementor-widget-text-editor:not(.elementor-drop-cap-view-default) .elementor-drop-cap{margin-top:8px}.elementor-widget-text-editor:not(.elementor-drop-cap-view-default) .elementor-drop-cap-letter{width:1em;height:1em}.elementor-widget-text-editor .elementor-drop-cap{float:left;text-align:center;line-height:1;font-size:50px}.elementor-widget-text-editor .elementor-drop-cap-letter{display:inline-block}<\/style>\t\t\t\t<p>Ilustro y animo mis propios personajes, pretendo crear un universo ficticio completo sobre ellos alg\u00fan d\u00eda.<\/p>\n<p>Tambi\u00e9n hago fan-arts de personajes de series o pel\u00edculas que me gusten.<\/p><p><br><\/p><p><br><\/p>\n<p><\/p>\t\t\t\t\t\t<\/div>\n\t\t\t\t<\/div>\n\t\t\t\t<div class=\"elementor-element elementor-element-13df615 elementor-widget elementor-widget-heading\" data-id=\"13df615\" data-element_type=\"widget\" data-widget_type=\"heading.default\">\n\t\t\t\t<div class=\"elementor-widget-container\">\n\t\t\t<h2 class=\"elementor-heading-title elementor-size-default\">Aplicaciones<\/h2>\t\t<\/div>\n\t\t\t\t<\/div>\n\t\t\t\t<div class=\"elementor-element elementor-element-c8b2f84 elementor-widget elementor-widget-text-editor\" data-id=\"c8b2f84\" data-element_type=\"widget\" data-widget_type=\"text-editor.default\">\n\t\t\t\t<div class=\"elementor-widget-container\">\n\t\t\t\t\t\t\t<ul><li>IbisPaint X<\/li><li>FlipaClip<\/li><li>Illustrator<\/li><li>Photoshop<\/li><li>InDesing<\/li><li>Cinema 4D<\/li><\/ul>\t\t\t\t\t\t<\/div>\n\t\t\t\t<\/div>\n\t\t\t\t<\/div>\n\t\t\t\t\t<\/div>\n\t\t\t\t<\/div>\n\t\t<div class=\"elementor-element elementor-element-4990d0f e-flex e-con-boxed e-con e-parent\" data-id=\"4990d0f\" data-element_type=\"container\" data-settings=\"{&quot;content_width&quot;:&quot;boxed&quot;}\" data-core-v316-plus=\"true\">\n\t\t\t\t\t<div class=\"e-con-inner\">\n\t\t\t\t<div class=\"elementor-element elementor-element-859dd5d elementor-widget-divider--view-line elementor-widget elementor-widget-divider\" data-id=\"859dd5d\" data-element_type=\"widget\" data-widget_type=\"divider.default\">\n\t\t\t\t<div class=\"elementor-widget-container\">\n\t\t\t\t\t<div class=\"elementor-divider\">\n\t\t\t<span class=\"elementor-divider-separator\">\n\t\t\t\t\t\t<\/span>\n\t\t<\/div>\n\t\t\t\t<\/div>\n\t\t\t\t<\/div>\n\t\t\t\t\t<\/div>\n\t\t\t\t<\/div>\n\t\t\t\t\t\t\t<\/div>\n\t\t","protected":false},"excerpt":{"rendered":"<p>IlustracionesClick HerePersonajesClick HereAnimacionesClick Here Previous Next Yacuam Ilustro y animo mis propios personajes, pretendo crear un universo ficticio completo sobre ellos alg\u00fan d\u00eda. Tambi\u00e9n hago fan-arts de personajes de series o pel\u00edculas que me gusten. Aplicaciones IbisPaint X FlipaClip Illustrator Photoshop InDesing Cinema 4D<\/p>\n","protected":false},"author":1,"featured_media":0,"parent":0,"menu_order":0,"comment_status":"closed","ping_status":"closed","template":"elementor_header_footer","meta":{"footnotes":""},"class_list":["post-12","page","type-page","status-publish","hentry","entry"],"yoast_head":"<!-- This site is optimized with the Yoast SEO plugin v22.2 - https:\/\/yoast.com\/wordpress\/plugins\/seo\/ -->\n<title>inicio - Yacuam<\/title>\n<meta name=\"robots\" content=\"index, follow, max-snippet:-1, max-image-preview:large, max-video-preview:-1\" \/>\n<link rel=\"canonical\" href=\"https:\/\/yacuam.estaciondiseno.es\/\" \/>\n<meta property=\"og:locale\" content=\"es_ES\" \/>\n<meta property=\"og:type\" content=\"article\" \/>\n<meta property=\"og:title\" content=\"inicio - Yacuam\" \/>\n<meta property=\"og:description\" content=\"IlustracionesClick HerePersonajesClick HereAnimacionesClick Here Previous Next Yacuam Ilustro y animo mis propios personajes, pretendo crear un universo ficticio completo sobre ellos alg\u00fan d\u00eda. Tambi\u00e9n hago fan-arts de personajes de series o pel\u00edculas que me gusten. Aplicaciones IbisPaint X FlipaClip Illustrator Photoshop InDesing Cinema 4D\" \/>\n<meta property=\"og:url\" content=\"https:\/\/yacuam.estaciondiseno.es\/\" \/>\n<meta property=\"og:site_name\" content=\"Yacuam\" \/>\n<meta property=\"article:modified_time\" content=\"2024-04-10T21:46:20+00:00\" \/>\n<meta property=\"og:image\" content=\"https:\/\/yacuam.estaciondiseno.es\/wp-content\/uploads\/2024\/04\/134-sin-titulo_20240325020050-300x300.png\" \/>\n<meta name=\"twitter:card\" content=\"summary_large_image\" \/>\n<meta name=\"twitter:label1\" content=\"Tiempo de lectura\" \/>\n\t<meta name=\"twitter:data1\" content=\"1 minuto\" \/>\n<script type=\"application\/ld+json\" class=\"yoast-schema-graph\">{\"@context\":\"https:\/\/schema.org\",\"@graph\":[{\"@type\":\"WebPage\",\"@id\":\"https:\/\/yacuam.estaciondiseno.es\/\",\"url\":\"https:\/\/yacuam.estaciondiseno.es\/\",\"name\":\"inicio - Yacuam\",\"isPartOf\":{\"@id\":\"https:\/\/yacuam.estaciondiseno.es\/#website\"},\"primaryImageOfPage\":{\"@id\":\"https:\/\/yacuam.estaciondiseno.es\/#primaryimage\"},\"image\":{\"@id\":\"https:\/\/yacuam.estaciondiseno.es\/#primaryimage\"},\"thumbnailUrl\":\"https:\/\/yacuam.estaciondiseno.es\/wp-content\/uploads\/2024\/04\/134-sin-titulo_20240325020050-300x300.png\",\"datePublished\":\"2024-01-18T11:36:06+00:00\",\"dateModified\":\"2024-04-10T21:46:20+00:00\",\"breadcrumb\":{\"@id\":\"https:\/\/yacuam.estaciondiseno.es\/#breadcrumb\"},\"inLanguage\":\"es\",\"potentialAction\":[{\"@type\":\"ReadAction\",\"target\":[\"https:\/\/yacuam.estaciondiseno.es\/\"]}]},{\"@type\":\"ImageObject\",\"inLanguage\":\"es\",\"@id\":\"https:\/\/yacuam.estaciondiseno.es\/#primaryimage\",\"url\":\"https:\/\/yacuam.estaciondiseno.es\/wp-content\/uploads\/2024\/04\/134-sin-titulo_20240325020050.png\",\"contentUrl\":\"https:\/\/yacuam.estaciondiseno.es\/wp-content\/uploads\/2024\/04\/134-sin-titulo_20240325020050.png\",\"width\":1280,\"height\":1280},{\"@type\":\"BreadcrumbList\",\"@id\":\"https:\/\/yacuam.estaciondiseno.es\/#breadcrumb\",\"itemListElement\":[{\"@type\":\"ListItem\",\"position\":1,\"name\":\"Portada\",\"item\":\"https:\/\/yacuam.estaciondiseno.es\/\"},{\"@type\":\"ListItem\",\"position\":2,\"name\":\"inicio\"}]},{\"@type\":\"WebSite\",\"@id\":\"https:\/\/yacuam.estaciondiseno.es\/#website\",\"url\":\"https:\/\/yacuam.estaciondiseno.es\/\",\"name\":\"Yacuam\",\"description\":\"\",\"potentialAction\":[{\"@type\":\"SearchAction\",\"target\":{\"@type\":\"EntryPoint\",\"urlTemplate\":\"https:\/\/yacuam.estaciondiseno.es\/?s={search_term_string}\"},\"query-input\":\"required name=search_term_string\"}],\"inLanguage\":\"es\"}]}<\/script>\n<!-- \/ Yoast SEO plugin. -->","yoast_head_json":{"title":"inicio - Yacuam","robots":{"index":"index","follow":"follow","max-snippet":"max-snippet:-1","max-image-preview":"max-image-preview:large","max-video-preview":"max-video-preview:-1"},"canonical":"https:\/\/yacuam.estaciondiseno.es\/","og_locale":"es_ES","og_type":"article","og_title":"inicio - Yacuam","og_description":"IlustracionesClick HerePersonajesClick HereAnimacionesClick Here Previous Next Yacuam Ilustro y animo mis propios personajes, pretendo crear un universo ficticio completo sobre ellos alg\u00fan d\u00eda. Tambi\u00e9n hago fan-arts de personajes de series o pel\u00edculas que me gusten. Aplicaciones IbisPaint X FlipaClip Illustrator Photoshop InDesing Cinema 4D","og_url":"https:\/\/yacuam.estaciondiseno.es\/","og_site_name":"Yacuam","article_modified_time":"2024-04-10T21:46:20+00:00","og_image":[{"url":"https:\/\/yacuam.estaciondiseno.es\/wp-content\/uploads\/2024\/04\/134-sin-titulo_20240325020050-300x300.png"}],"twitter_card":"summary_large_image","twitter_misc":{"Tiempo de lectura":"1 minuto"},"schema":{"@context":"https:\/\/schema.org","@graph":[{"@type":"WebPage","@id":"https:\/\/yacuam.estaciondiseno.es\/","url":"https:\/\/yacuam.estaciondiseno.es\/","name":"inicio - Yacuam","isPartOf":{"@id":"https:\/\/yacuam.estaciondiseno.es\/#website"},"primaryImageOfPage":{"@id":"https:\/\/yacuam.estaciondiseno.es\/#primaryimage"},"image":{"@id":"https:\/\/yacuam.estaciondiseno.es\/#primaryimage"},"thumbnailUrl":"https:\/\/yacuam.estaciondiseno.es\/wp-content\/uploads\/2024\/04\/134-sin-titulo_20240325020050-300x300.png","datePublished":"2024-01-18T11:36:06+00:00","dateModified":"2024-04-10T21:46:20+00:00","breadcrumb":{"@id":"https:\/\/yacuam.estaciondiseno.es\/#breadcrumb"},"inLanguage":"es","potentialAction":[{"@type":"ReadAction","target":["https:\/\/yacuam.estaciondiseno.es\/"]}]},{"@type":"ImageObject","inLanguage":"es","@id":"https:\/\/yacuam.estaciondiseno.es\/#primaryimage","url":"https:\/\/yacuam.estaciondiseno.es\/wp-content\/uploads\/2024\/04\/134-sin-titulo_20240325020050.png","contentUrl":"https:\/\/yacuam.estaciondiseno.es\/wp-content\/uploads\/2024\/04\/134-sin-titulo_20240325020050.png","width":1280,"height":1280},{"@type":"BreadcrumbList","@id":"https:\/\/yacuam.estaciondiseno.es\/#breadcrumb","itemListElement":[{"@type":"ListItem","position":1,"name":"Portada","item":"https:\/\/yacuam.estaciondiseno.es\/"},{"@type":"ListItem","position":2,"name":"inicio"}]},{"@type":"WebSite","@id":"https:\/\/yacuam.estaciondiseno.es\/#website","url":"https:\/\/yacuam.estaciondiseno.es\/","name":"Yacuam","description":"","potentialAction":[{"@type":"SearchAction","target":{"@type":"EntryPoint","urlTemplate":"https:\/\/yacuam.estaciondiseno.es\/?s={search_term_string}"},"query-input":"required name=search_term_string"}],"inLanguage":"es"}]}},"_links":{"self":[{"href":"https:\/\/yacuam.estaciondiseno.es\/index.php\/wp-json\/wp\/v2\/pages\/12","targetHints":{"allow":["GET"]}}],"collection":[{"href":"https:\/\/yacuam.estaciondiseno.es\/index.php\/wp-json\/wp\/v2\/pages"}],"about":[{"href":"https:\/\/yacuam.estaciondiseno.es\/index.php\/wp-json\/wp\/v2\/types\/page"}],"author":[{"embeddable":true,"href":"https:\/\/yacuam.estaciondiseno.es\/index.php\/wp-json\/wp\/v2\/users\/1"}],"replies":[{"embeddable":true,"href":"https:\/\/yacuam.estaciondiseno.es\/index.php\/wp-json\/wp\/v2\/comments?post=12"}],"version-history":[{"count":64,"href":"https:\/\/yacuam.estaciondiseno.es\/index.php\/wp-json\/wp\/v2\/pages\/12\/revisions"}],"predecessor-version":[{"id":264,"href":"https:\/\/yacuam.estaciondiseno.es\/index.php\/wp-json\/wp\/v2\/pages\/12\/revisions\/264"}],"wp:attachment":[{"href":"https:\/\/yacuam.estaciondiseno.es\/index.php\/wp-json\/wp\/v2\/media?parent=12"}],"curies":[{"name":"wp","href":"https:\/\/api.w.org\/{rel}","templated":true}]}}